{"id":284,"date":"2023-10-03T16:45:29","date_gmt":"2023-10-03T19:45:29","guid":{"rendered":"https:\/\/www.este.com.py\/andre\/?page_id=284"},"modified":"2023-10-24T12:26:40","modified_gmt":"2023-10-24T15:26:40","slug":"responsabilidade-social","status":"publish","type":"page","link":"https:\/\/www.este.com.py\/pt\/responsabilidade-social\/","title":{"rendered":"Responsabilidade Social"},"content":{"rendered":"<p>A ESTE acredita que a prosperidade somente ocorre quando toda a comunidade se beneficia.<\/p>\n<p>Assim, mantemos um programa de ajuda onde, parte dos lucros s\u00e3o destinados ao apoio programas sociais, que melhore a vida das pessoas envolvidas.<\/p>\n<p>Se conhece algum projeto em andamento ou tem um projeto inicial com esta voca\u00e7\u00e3o, por favor comunique-se conosco abaixo. Fa\u00e7a a diferen\u00e7a no mundo!<\/p>\n","protected":false},"excerpt":{"rendered":"<p>A ESTE acredita que a prosperidade somente ocorre quando toda a comunidade se beneficia. Assim, mantemos um programa de ajuda onde, parte dos lucros s\u00e3o destinados ao apoio programas sociais, que melhore a vida das pessoas envolvidas. Se conhece algum projeto em andamento ou tem um projeto inicial com esta voca\u00e7\u00e3o, por favor comunique-se conosco &hellip; <a href=\"https:\/\/www.este.com.py\/pt\/responsabilidade-social\/\">Continua<\/a><\/p>\n","protected":false},"author":2,"featured_media":0,"parent":0,"menu_order":0,"comment_status":"closed","ping_status":"closed","template":"page-responsabilidade-social.php","meta":{"_es_post_content":"ESTE cree que la prosperidad s\u00f3lo ocurre cuando toda la comunidad se beneficia. Por ello, mantenemos un programa de benemerencia donde parte de las ganancias se destinan a apoyar programas sociales, que mejoran la vida de las personas involucradas.\r\n\r\nSi conoces alg\u00fan proyecto en marcha o tienes un proyecto inicial con esta vocaci\u00f3n, por favor comun\u00edcate con nosotros a continuaci\u00f3n. \u00a1Haz una diferencia en el mundo!","_es_post_name":"responsabilidad-social","_es_post_excerpt":"","_es_post_title":"Responsabilidad Social","_pt_post_content":"A ESTE acredita que a prosperidade somente ocorre quando toda a comunidade se beneficia.\r\n\r\nAssim, mantemos um programa de ajuda onde, parte dos lucros s\u00e3o destinados ao apoio programas sociais, que melhore a vida das pessoas envolvidas.\r\n\r\nSe conhece algum projeto em andamento ou tem um projeto inicial com esta voca\u00e7\u00e3o, por favor comunique-se conosco abaixo. Fa\u00e7a a diferen\u00e7a no mundo!","_pt_post_name":"responsabilidade-social","_pt_post_excerpt":"","_pt_post_title":"Responsabilidade Social","_en_post_content":"ESTE believes that prosperity only occurs when the entire community benefits. Therefore, we maintain an aid and charity program where part of the profits are destined to support social programs, which improve the lives of the people involved. If you know of any ongoing projects or have an initial project with this vocation, please communicate with us below. Make a difference in the world.","_en_post_name":"social-responsability","_en_post_excerpt":"","_en_post_title":"Social responsability","edit_language":"pt","footnotes":""},"acf":[],"yoast_head":"<!-- This site is optimized with the Yoast SEO plugin v21.5 - https:\/\/yoast.com\/wordpress\/plugins\/seo\/ -->\n<title>Responsabilidade Social - ESTE<\/title>\n<meta name=\"robots\" content=\"index, follow, max-snippet:-1, max-image-preview:large, max-video-preview:-1\" \/>\n<link rel=\"canonical\" href=\"https:\/\/www.este.com.py\/en\/social-responsability\/\" \/>\n<meta property=\"og:locale\" content=\"pt_BR\" \/>\n<meta property=\"og:type\" content=\"article\" \/>\n<meta property=\"og:title\" content=\"Responsabilidade Social - ESTE\" \/>\n<meta property=\"og:description\" content=\"A ESTE acredita que a prosperidade somente ocorre quando toda a comunidade se beneficia. Assim, mantemos um programa de ajuda onde, parte dos lucros s\u00e3o destinados ao apoio programas sociais, que melhore a vida das pessoas envolvidas. Se conhece algum projeto em andamento ou tem um projeto inicial com esta voca\u00e7\u00e3o, por favor comunique-se conosco &hellip; Continua\" \/>\n<meta property=\"og:url\" content=\"https:\/\/www.este.com.py\/en\/social-responsability\/\" \/>\n<meta property=\"og:site_name\" content=\"ESTE\" \/>\n<meta property=\"article:publisher\" content=\"https:\/\/www.facebook.com\/esteadmpy\" \/>\n<meta property=\"article:modified_time\" content=\"2023-10-24T15:26:40+00:00\" \/>\n<meta property=\"og:image\" content=\"https:\/\/www.este.com.py\/wp-content\/uploads\/2023\/05\/seo-1.png\" \/>\n\t<meta property=\"og:image:width\" content=\"1200\" \/>\n\t<meta property=\"og:image:height\" content=\"675\" \/>\n\t<meta property=\"og:image:type\" content=\"image\/png\" \/>\n<meta name=\"twitter:card\" content=\"summary_large_image\" \/>\n<meta name=\"twitter:label1\" content=\"Est. tempo de leitura\" \/>\n\t<meta name=\"twitter:data1\" content=\"1 minuto\" \/>\n<script type=\"application\/ld+json\" class=\"yoast-schema-graph\">{\"@context\":\"https:\/\/schema.org\",\"@graph\":[{\"@type\":\"WebPage\",\"@id\":\"https:\/\/www.este.com.py\/en\/social-responsability\/\",\"url\":\"https:\/\/www.este.com.py\/en\/social-responsability\/\",\"name\":\"Responsabilidade Social - ESTE\",\"isPartOf\":{\"@id\":\"https:\/\/www.este.com.py\/#website\"},\"datePublished\":\"2023-10-03T19:45:29+00:00\",\"dateModified\":\"2023-10-24T15:26:40+00:00\",\"breadcrumb\":{\"@id\":\"https:\/\/www.este.com.py\/en\/social-responsability\/#breadcrumb\"},\"inLanguage\":\"pt-BR\",\"potentialAction\":[{\"@type\":\"ReadAction\",\"target\":[\"https:\/\/www.este.com.py\/en\/social-responsability\/\"]}]},{\"@type\":\"BreadcrumbList\",\"@id\":\"https:\/\/www.este.com.py\/en\/social-responsability\/#breadcrumb\",\"itemListElement\":[{\"@type\":\"ListItem\",\"position\":1,\"name\":\"In\u00edcio\",\"item\":\"https:\/\/www.este.com.py\/\"},{\"@type\":\"ListItem\",\"position\":2,\"name\":\"Responsabilidade Social\"}]},{\"@type\":\"WebSite\",\"@id\":\"https:\/\/www.este.com.py\/#website\",\"url\":\"https:\/\/www.este.com.py\/\",\"name\":\"ESTE\",\"description\":\"Administraci\u00f3n Consultoria Financiera\",\"publisher\":{\"@id\":\"https:\/\/www.este.com.py\/#organization\"},\"potentialAction\":[{\"@type\":\"SearchAction\",\"target\":{\"@type\":\"EntryPoint\",\"urlTemplate\":\"https:\/\/www.este.com.py\/?s={search_term_string}\"},\"query-input\":\"required name=search_term_string\"}],\"inLanguage\":\"pt-BR\"},{\"@type\":\"Organization\",\"@id\":\"https:\/\/www.este.com.py\/#organization\",\"name\":\"ESTE\",\"url\":\"https:\/\/www.este.com.py\/\",\"logo\":{\"@type\":\"ImageObject\",\"inLanguage\":\"pt-BR\",\"@id\":\"https:\/\/www.este.com.py\/#\/schema\/logo\/image\/\",\"url\":\"https:\/\/www.este.com.py\/andre\/wp-content\/uploads\/2023\/05\/seo-2.png\",\"contentUrl\":\"https:\/\/www.este.com.py\/andre\/wp-content\/uploads\/2023\/05\/seo-2.png\",\"width\":696,\"height\":696,\"caption\":\"ESTE\"},\"image\":{\"@id\":\"https:\/\/www.este.com.py\/#\/schema\/logo\/image\/\"},\"sameAs\":[\"https:\/\/www.facebook.com\/esteadmpy\",\"https:\/\/www.instagram.com\/esteadmpy\/\"]}]}<\/script>\n<!-- \/ Yoast SEO plugin. -->","yoast_head_json":{"title":"Responsabilidade Social - ESTE","robots":{"index":"index","follow":"follow","max-snippet":"max-snippet:-1","max-image-preview":"max-image-preview:large","max-video-preview":"max-video-preview:-1"},"canonical":"https:\/\/www.este.com.py\/en\/social-responsability\/","og_locale":"pt_BR","og_type":"article","og_title":"Responsabilidade Social - ESTE","og_description":"A ESTE acredita que a prosperidade somente ocorre quando toda a comunidade se beneficia. Assim, mantemos um programa de ajuda onde, parte dos lucros s\u00e3o destinados ao apoio programas sociais, que melhore a vida das pessoas envolvidas. Se conhece algum projeto em andamento ou tem um projeto inicial com esta voca\u00e7\u00e3o, por favor comunique-se conosco &hellip; Continua","og_url":"https:\/\/www.este.com.py\/en\/social-responsability\/","og_site_name":"ESTE","article_publisher":"https:\/\/www.facebook.com\/esteadmpy","article_modified_time":"2023-10-24T15:26:40+00:00","og_image":[{"width":1200,"height":675,"url":"https:\/\/www.este.com.py\/wp-content\/uploads\/2023\/05\/seo-1.png","type":"image\/png"}],"twitter_card":"summary_large_image","twitter_misc":{"Est. tempo de leitura":"1 minuto"},"schema":{"@context":"https:\/\/schema.org","@graph":[{"@type":"WebPage","@id":"https:\/\/www.este.com.py\/en\/social-responsability\/","url":"https:\/\/www.este.com.py\/en\/social-responsability\/","name":"Responsabilidade Social - ESTE","isPartOf":{"@id":"https:\/\/www.este.com.py\/#website"},"datePublished":"2023-10-03T19:45:29+00:00","dateModified":"2023-10-24T15:26:40+00:00","breadcrumb":{"@id":"https:\/\/www.este.com.py\/en\/social-responsability\/#breadcrumb"},"inLanguage":"pt-BR","potentialAction":[{"@type":"ReadAction","target":["https:\/\/www.este.com.py\/en\/social-responsability\/"]}]},{"@type":"BreadcrumbList","@id":"https:\/\/www.este.com.py\/en\/social-responsability\/#breadcrumb","itemListElement":[{"@type":"ListItem","position":1,"name":"In\u00edcio","item":"https:\/\/www.este.com.py\/"},{"@type":"ListItem","position":2,"name":"Responsabilidade Social"}]},{"@type":"WebSite","@id":"https:\/\/www.este.com.py\/#website","url":"https:\/\/www.este.com.py\/","name":"ESTE","description":"Administraci\u00f3n Consultoria Financiera","publisher":{"@id":"https:\/\/www.este.com.py\/#organization"},"potentialAction":[{"@type":"SearchAction","target":{"@type":"EntryPoint","urlTemplate":"https:\/\/www.este.com.py\/?s={search_term_string}"},"query-input":"required name=search_term_string"}],"inLanguage":"pt-BR"},{"@type":"Organization","@id":"https:\/\/www.este.com.py\/#organization","name":"ESTE","url":"https:\/\/www.este.com.py\/","logo":{"@type":"ImageObject","inLanguage":"pt-BR","@id":"https:\/\/www.este.com.py\/#\/schema\/logo\/image\/","url":"https:\/\/www.este.com.py\/andre\/wp-content\/uploads\/2023\/05\/seo-2.png","contentUrl":"https:\/\/www.este.com.py\/andre\/wp-content\/uploads\/2023\/05\/seo-2.png","width":696,"height":696,"caption":"ESTE"},"image":{"@id":"https:\/\/www.este.com.py\/#\/schema\/logo\/image\/"},"sameAs":["https:\/\/www.facebook.com\/esteadmpy","https:\/\/www.instagram.com\/esteadmpy\/"]}]}},"_links":{"self":[{"href":"https:\/\/www.este.com.py\/pt\/wp-json\/wp\/v2\/pages\/284"}],"collection":[{"href":"https:\/\/www.este.com.py\/pt\/wp-json\/wp\/v2\/pages"}],"about":[{"href":"https:\/\/www.este.com.py\/pt\/wp-json\/wp\/v2\/types\/page"}],"author":[{"embeddable":true,"href":"https:\/\/www.este.com.py\/pt\/wp-json\/wp\/v2\/users\/2"}],"replies":[{"embeddable":true,"href":"https:\/\/www.este.com.py\/pt\/wp-json\/wp\/v2\/comments?post=284"}],"version-history":[{"count":2,"href":"https:\/\/www.este.com.py\/pt\/wp-json\/wp\/v2\/pages\/284\/revisions"}],"predecessor-version":[{"id":327,"href":"https:\/\/www.este.com.py\/pt\/wp-json\/wp\/v2\/pages\/284\/revisions\/327"}],"wp:attachment":[{"href":"https:\/\/www.este.com.py\/pt\/wp-json\/wp\/v2\/media?parent=284"}],"curies":[{"name":"wp","href":"https:\/\/api.w.org\/{rel}","templated":true}]}}