{"id":15,"date":"2018-04-16T08:53:15","date_gmt":"2018-04-16T11:53:15","guid":{"rendered":"http:\/\/localhost\/base\/sitenovo\/?page_id=15"},"modified":"2025-09-05T18:46:59","modified_gmt":"2025-09-05T21:46:59","slug":"contato","status":"publish","type":"page","link":"https:\/\/www.este.com.py\/pt\/contato\/","title":{"rendered":"Contato"},"content":{"rendered":"\r\n<p>Preencha o formul\u00e1rio abaixo para entrar em contato conosco.<br \/>Ou fale conosco atrav\u00e9s de nosso telefone, e-mail e endere\u00e7o <span class=\"d-none d-md-inline\">ao lado <\/span>do formul\u00e1rio.<\/p>\r\n","protected":false},"excerpt":{"rendered":"<p>Preencha o formul\u00e1rio abaixo para entrar em contato conosco.Ou fale conosco atrav\u00e9s de nosso telefone, e-mail e endere\u00e7o ao lado do formul\u00e1rio.<\/p>\n","protected":false},"author":2,"featured_media":0,"parent":0,"menu_order":0,"comment_status":"closed","ping_status":"closed","template":"page-fale-conosco.php","meta":{"_es_post_content":"<!-- wp:paragraph -->\r\n<p>Complet\u00e1 el siguiente formulario para ponerse en contacto con nosotros. O bien puedes hacerlo a trav\u00e9s de nuestro n\u00famero de tel\u00e9fono, correo electr\u00f3nico y direcci\u00f3n al lado del formulario.<\/p>\r\n<!-- \/wp:paragraph -->","_es_post_name":"contactanos","_es_post_excerpt":"","_es_post_title":"Contact\u00e1nos","_pt_post_content":"<!-- wp:paragraph -->\r\n<p>Preencha o formul\u00e1rio abaixo para entrar em contato conosco.<br \/>Ou fale conosco atrav\u00e9s de nosso telefone, e-mail e endere\u00e7o <span class=\"d-none d-md-inline\">ao lado <\/span>do formul\u00e1rio.<\/p>\r\n<!-- \/wp:paragraph -->","_pt_post_name":"contato","_pt_post_excerpt":"","_pt_post_title":"Contato","_en_post_content":"<!-- wp:paragraph -->\n<p>Fill out the form below to contact us.<br>Or contact us via our telephone number, email and address next to the form.<\/p>\n<!-- \/wp:paragraph -->","_en_post_name":"","_en_post_excerpt":"","_en_post_title":"Contact us","edit_language":"pt","footnotes":""},"acf":[],"yoast_head":"<!-- This site is optimized with the Yoast SEO plugin v21.5 - https:\/\/yoast.com\/wordpress\/plugins\/seo\/ -->\n<title>Contato - ESTE<\/title>\n<meta name=\"robots\" content=\"index, follow, max-snippet:-1, max-image-preview:large, max-video-preview:-1\" \/>\n<link rel=\"canonical\" href=\"https:\/\/www.este.com.py\/pt\/contato\/\" \/>\n<meta property=\"og:locale\" content=\"pt_BR\" \/>\n<meta property=\"og:type\" content=\"article\" \/>\n<meta property=\"og:title\" content=\"Contato - ESTE\" \/>\n<meta property=\"og:description\" content=\"Preencha o formul\u00e1rio abaixo para entrar em contato conosco.Ou fale conosco atrav\u00e9s de nosso telefone, e-mail e endere\u00e7o ao lado do formul\u00e1rio.\" \/>\n<meta property=\"og:url\" content=\"https:\/\/www.este.com.py\/pt\/contato\/\" \/>\n<meta property=\"og:site_name\" content=\"ESTE\" \/>\n<meta property=\"article:publisher\" content=\"https:\/\/www.facebook.com\/esteadmpy\" \/>\n<meta property=\"article:modified_time\" content=\"2025-09-05T21:46:59+00:00\" \/>\n<meta property=\"og:image\" content=\"https:\/\/www.este.com.py\/wp-content\/uploads\/2023\/05\/seo-1.png\" \/>\n\t<meta property=\"og:image:width\" content=\"1200\" \/>\n\t<meta property=\"og:image:height\" content=\"675\" \/>\n\t<meta property=\"og:image:type\" content=\"image\/png\" \/>\n<meta name=\"twitter:card\" content=\"summary_large_image\" \/>\n<meta name=\"twitter:label1\" content=\"Est. tempo de leitura\" \/>\n\t<meta name=\"twitter:data1\" content=\"1 minuto\" \/>\n<script type=\"application\/ld+json\" class=\"yoast-schema-graph\">{\"@context\":\"https:\/\/schema.org\",\"@graph\":[{\"@type\":\"WebPage\",\"@id\":\"https:\/\/www.este.com.py\/pt\/contato\/\",\"url\":\"https:\/\/www.este.com.py\/pt\/contato\/\",\"name\":\"Contato - ESTE\",\"isPartOf\":{\"@id\":\"https:\/\/www.este.com.py\/#website\"},\"datePublished\":\"2018-04-16T11:53:15+00:00\",\"dateModified\":\"2025-09-05T21:46:59+00:00\",\"breadcrumb\":{\"@id\":\"https:\/\/www.este.com.py\/pt\/contato\/#breadcrumb\"},\"inLanguage\":\"pt-BR\",\"potentialAction\":[{\"@type\":\"ReadAction\",\"target\":[\"https:\/\/www.este.com.py\/pt\/contato\/\"]}]},{\"@type\":\"BreadcrumbList\",\"@id\":\"https:\/\/www.este.com.py\/pt\/contato\/#breadcrumb\",\"itemListElement\":[{\"@type\":\"ListItem\",\"position\":1,\"name\":\"In\u00edcio\",\"item\":\"https:\/\/www.este.com.py\/\"},{\"@type\":\"ListItem\",\"position\":2,\"name\":\"Contato\"}]},{\"@type\":\"WebSite\",\"@id\":\"https:\/\/www.este.com.py\/#website\",\"url\":\"https:\/\/www.este.com.py\/\",\"name\":\"ESTE\",\"description\":\"Administraci\u00f3n Consultoria Financiera\",\"publisher\":{\"@id\":\"https:\/\/www.este.com.py\/#organization\"},\"potentialAction\":[{\"@type\":\"SearchAction\",\"target\":{\"@type\":\"EntryPoint\",\"urlTemplate\":\"https:\/\/www.este.com.py\/?s={search_term_string}\"},\"query-input\":\"required name=search_term_string\"}],\"inLanguage\":\"pt-BR\"},{\"@type\":\"Organization\",\"@id\":\"https:\/\/www.este.com.py\/#organization\",\"name\":\"ESTE\",\"url\":\"https:\/\/www.este.com.py\/\",\"logo\":{\"@type\":\"ImageObject\",\"inLanguage\":\"pt-BR\",\"@id\":\"https:\/\/www.este.com.py\/#\/schema\/logo\/image\/\",\"url\":\"https:\/\/www.este.com.py\/andre\/wp-content\/uploads\/2023\/05\/seo-2.png\",\"contentUrl\":\"https:\/\/www.este.com.py\/andre\/wp-content\/uploads\/2023\/05\/seo-2.png\",\"width\":696,\"height\":696,\"caption\":\"ESTE\"},\"image\":{\"@id\":\"https:\/\/www.este.com.py\/#\/schema\/logo\/image\/\"},\"sameAs\":[\"https:\/\/www.facebook.com\/esteadmpy\",\"https:\/\/www.instagram.com\/esteadmpy\/\"]}]}<\/script>\n<!-- \/ Yoast SEO plugin. -->","yoast_head_json":{"title":"Contato - ESTE","robots":{"index":"index","follow":"follow","max-snippet":"max-snippet:-1","max-image-preview":"max-image-preview:large","max-video-preview":"max-video-preview:-1"},"canonical":"https:\/\/www.este.com.py\/pt\/contato\/","og_locale":"pt_BR","og_type":"article","og_title":"Contato - ESTE","og_description":"Preencha o formul\u00e1rio abaixo para entrar em contato conosco.Ou fale conosco atrav\u00e9s de nosso telefone, e-mail e endere\u00e7o ao lado do formul\u00e1rio.","og_url":"https:\/\/www.este.com.py\/pt\/contato\/","og_site_name":"ESTE","article_publisher":"https:\/\/www.facebook.com\/esteadmpy","article_modified_time":"2025-09-05T21:46:59+00:00","og_image":[{"width":1200,"height":675,"url":"https:\/\/www.este.com.py\/wp-content\/uploads\/2023\/05\/seo-1.png","type":"image\/png"}],"twitter_card":"summary_large_image","twitter_misc":{"Est. tempo de leitura":"1 minuto"},"schema":{"@context":"https:\/\/schema.org","@graph":[{"@type":"WebPage","@id":"https:\/\/www.este.com.py\/pt\/contato\/","url":"https:\/\/www.este.com.py\/pt\/contato\/","name":"Contato - ESTE","isPartOf":{"@id":"https:\/\/www.este.com.py\/#website"},"datePublished":"2018-04-16T11:53:15+00:00","dateModified":"2025-09-05T21:46:59+00:00","breadcrumb":{"@id":"https:\/\/www.este.com.py\/pt\/contato\/#breadcrumb"},"inLanguage":"pt-BR","potentialAction":[{"@type":"ReadAction","target":["https:\/\/www.este.com.py\/pt\/contato\/"]}]},{"@type":"BreadcrumbList","@id":"https:\/\/www.este.com.py\/pt\/contato\/#breadcrumb","itemListElement":[{"@type":"ListItem","position":1,"name":"In\u00edcio","item":"https:\/\/www.este.com.py\/"},{"@type":"ListItem","position":2,"name":"Contato"}]},{"@type":"WebSite","@id":"https:\/\/www.este.com.py\/#website","url":"https:\/\/www.este.com.py\/","name":"ESTE","description":"Administraci\u00f3n Consultoria Financiera","publisher":{"@id":"https:\/\/www.este.com.py\/#organization"},"potentialAction":[{"@type":"SearchAction","target":{"@type":"EntryPoint","urlTemplate":"https:\/\/www.este.com.py\/?s={search_term_string}"},"query-input":"required name=search_term_string"}],"inLanguage":"pt-BR"},{"@type":"Organization","@id":"https:\/\/www.este.com.py\/#organization","name":"ESTE","url":"https:\/\/www.este.com.py\/","logo":{"@type":"ImageObject","inLanguage":"pt-BR","@id":"https:\/\/www.este.com.py\/#\/schema\/logo\/image\/","url":"https:\/\/www.este.com.py\/andre\/wp-content\/uploads\/2023\/05\/seo-2.png","contentUrl":"https:\/\/www.este.com.py\/andre\/wp-content\/uploads\/2023\/05\/seo-2.png","width":696,"height":696,"caption":"ESTE"},"image":{"@id":"https:\/\/www.este.com.py\/#\/schema\/logo\/image\/"},"sameAs":["https:\/\/www.facebook.com\/esteadmpy","https:\/\/www.instagram.com\/esteadmpy\/"]}]}},"_links":{"self":[{"href":"https:\/\/www.este.com.py\/pt\/wp-json\/wp\/v2\/pages\/15"}],"collection":[{"href":"https:\/\/www.este.com.py\/pt\/wp-json\/wp\/v2\/pages"}],"about":[{"href":"https:\/\/www.este.com.py\/pt\/wp-json\/wp\/v2\/types\/page"}],"author":[{"embeddable":true,"href":"https:\/\/www.este.com.py\/pt\/wp-json\/wp\/v2\/users\/2"}],"replies":[{"embeddable":true,"href":"https:\/\/www.este.com.py\/pt\/wp-json\/wp\/v2\/comments?post=15"}],"version-history":[{"count":7,"href":"https:\/\/www.este.com.py\/pt\/wp-json\/wp\/v2\/pages\/15\/revisions"}],"predecessor-version":[{"id":927,"href":"https:\/\/www.este.com.py\/pt\/wp-json\/wp\/v2\/pages\/15\/revisions\/927"}],"wp:attachment":[{"href":"https:\/\/www.este.com.py\/pt\/wp-json\/wp\/v2\/media?parent=15"}],"curies":[{"name":"wp","href":"https:\/\/api.w.org\/{rel}","templated":true}]}}