{"id":20,"date":"2018-04-16T09:10:58","date_gmt":"2018-04-16T12:10:58","guid":{"rendered":"http:\/\/localhost\/base\/sitenovo\/home\/"},"modified":"2026-02-17T05:53:24","modified_gmt":"2026-02-17T08:53:24","slug":"home","status":"publish","type":"page","link":"https:\/\/www.este.com.py\/en\/","title":{"rendered":"","raw":""},"content":{"rendered":"\r\n<p>ESTE operates in the management and optimization of clients\u2019 assets and financial resources, working in a multi-sectorial platform and attentive to the scenarios and conditions of multiple countries.<\/p>\r\n<p>With an experienced and specialized professionals team, the company offers a wide range of activities and services aimed to maximizing the value and profitability of the assets under its responsibility.<\/p>\r\n<p>The main activity of ESTE Asset Management is the analysis and evaluation of different asset classes such as shares, bonds, real estate and alternative investments, in addition to constant economic scenario\u2019s monitoring in different countries. Investment, positioning and management strategies are developed based on this analysis, respecting each client\u2019s risk tolerance.<\/p>\r\n","protected":false,"raw":"<!-- wp:paragraph -->\r\n<p>ESTE operates in the management and optimization of clients\u2019 assets and financial resources, working in a multi-sectorial platform and attentive to the scenarios and conditions of multiple countries.<\/p>\r\n<p>With an experienced and specialized professionals team, the company offers a wide range of activities and services aimed to maximizing the value and profitability of the assets under its responsibility.<\/p>\r\n<p>The main activity of ESTE Asset Management is the analysis and evaluation of different asset classes such as shares, bonds, real estate and alternative investments, in addition to constant economic scenario\u2019s monitoring in different countries. Investment, positioning and management strategies are developed based on this analysis, respecting each client\u2019s risk tolerance.<\/p>\r\n<!-- \/wp:paragraph -->"},"excerpt":{"rendered":"","protected":false,"raw":""},"author":2,"featured_media":0,"parent":0,"menu_order":-1,"comment_status":"closed","ping_status":"closed","template":"page-home.php","meta":{"_es_post_content":"<!-- wp:paragraph -->\r\n<p>ESTE act\u00faa en la gesti\u00f3n y optimizaci\u00f3n de los activos y recursos financieros de los clientes, trabajando de forma multisectorial y atenta a los escenarios de los diversos pa\u00edses.<\/p>\r\n<p>Con un equipo de profesionales experimentados y especializados, la empresa ofrece una amplia gama de actividades y servicios encaminados a maximizar el valor y la rentabilidad de los activos bajo su responsabilidad.<\/p>\r\n<p>La principal actividad de ESTE Administraci\u00f3n de Activos es el an\u00e1lisis y evaluaci\u00f3n de diferentes clases de activos como acciones, bonos, bienes ra\u00edces e inversiones alternativas, adem\u00e1s del seguimiento constante del escenario econ\u00f3mico de los diferentes pa\u00edses. A partir de este an\u00e1lisis se desarrollan estrategias de inversi\u00f3n, posicionamiento y gesti\u00f3n, respetando la tolerancia al riesgo de cada cliente.<\/p>\r\n<!-- \/wp:paragraph -->","_es_post_name":"home","_es_post_excerpt":"","_es_post_title":"","_pt_post_content":"<!-- wp:paragraph -->\r\n<p>A ESTE atua no gerenciamento e otimiza\u00e7\u00e3o dos ativos e recursos financeiros dos clientes, trabalhando de forma multisetorial e atenta aos cen\u00e1rios de v\u00e1rios pa\u00edses. Com uma equipe de profissionais experientes e especializados, a empresa oferece ampla gama de atividades e servi\u00e7os voltados para maximizar o valor e a rentabilidade dos ativos sob sua responsabilidade.<\/p>\r\n<!-- \/wp:paragraph -->\r\n\r\n<!-- wp:paragraph -->\r\n<p>A principal atividade da <strong>ESTE Administradora de Ativos<\/strong> \u00e9 a an\u00e1lise e avalia\u00e7\u00e3o de diferentes classes de ativos como a\u00e7\u00f5es, t\u00edtulos, im\u00f3veis e investimentos alternativos, al\u00e9m do monitoramento constante do cen\u00e1rio econ\u00f4mico de diversos pa\u00edses. As estrat\u00e9gias de investimento, posicionamento e gerenciamento s\u00e3o desenvolvidas com base nessa an\u00e1lise, respeitando a toler\u00e2ncia ao risco de cada cliente.<\/p>\r\n<!-- \/wp:paragraph -->","_pt_post_name":"home","_pt_post_excerpt":"","_pt_post_title":"Home","_en_post_content":"<!-- wp:paragraph -->\r\n<p>ESTE operates in the management and optimization of clients\u2019 assets and financial resources, working in a multi-sectorial platform and attentive to the scenarios and conditions of multiple countries.<\/p>\r\n<p>With an experienced and specialized professionals team, the company offers a wide range of activities and services aimed to maximizing the value and profitability of the assets under its responsibility.<\/p>\r\n<p>The main activity of ESTE Asset Management is the analysis and evaluation of different asset classes such as shares, bonds, real estate and alternative investments, in addition to constant economic scenario\u2019s monitoring in different countries. Investment, positioning and management strategies are developed based on this analysis, respecting each client\u2019s risk tolerance.<\/p>\r\n<!-- \/wp:paragraph -->","_en_post_name":"home","_en_post_excerpt":"","_en_post_title":"","edit_language":"en","footnotes":""},"acf":[],"yoast_head":"<!-- This site is optimized with the Yoast SEO plugin v21.5 - https:\/\/yoast.com\/wordpress\/plugins\/seo\/ -->\n<title>Home - ESTE<\/title>\n<meta name=\"robots\" content=\"index, follow, max-snippet:-1, max-image-preview:large, max-video-preview:-1\" \/>\n<link rel=\"canonical\" href=\"https:\/\/www.este.com.py\/\" \/>\n<meta property=\"og:locale\" content=\"en_US\" \/>\n<meta property=\"og:type\" content=\"article\" \/>\n<meta property=\"og:title\" content=\"Home - ESTE\" \/>\n<meta property=\"og:description\" content=\"A ESTE atua no gerenciamento e otimiza\u00e7\u00e3o dos ativos e recursos financeiros dos clientes, trabalhando de forma multisetorial e atenta aos cen\u00e1rios de v\u00e1rios pa\u00edses. Com uma equipe de profissionais experientes e especializados, a empresa oferece ampla gama de atividades e servi\u00e7os voltados para maximizar o valor e a rentabilidade dos ativos sob sua responsabilidade. &hellip; Continued\" \/>\n<meta property=\"og:url\" content=\"https:\/\/www.este.com.py\/\" \/>\n<meta property=\"og:site_name\" content=\"ESTE\" \/>\n<meta property=\"article:publisher\" content=\"https:\/\/www.facebook.com\/esteadmpy\" \/>\n<meta property=\"article:modified_time\" content=\"2026-02-17T08:53:24+00:00\" \/>\n<meta property=\"og:image\" content=\"https:\/\/www.este.com.py\/wp-content\/uploads\/2023\/05\/seo-1.png\" \/>\n\t<meta property=\"og:image:width\" content=\"1200\" \/>\n\t<meta property=\"og:image:height\" content=\"675\" \/>\n\t<meta property=\"og:image:type\" content=\"image\/png\" \/>\n<meta name=\"twitter:card\" content=\"summary_large_image\" \/>\n<meta name=\"twitter:label1\" content=\"Est. reading time\" \/>\n\t<meta name=\"twitter:data1\" content=\"1 minute\" \/>\n<script type=\"application\/ld+json\" class=\"yoast-schema-graph\">{\"@context\":\"https:\/\/schema.org\",\"@graph\":[{\"@type\":\"WebPage\",\"@id\":\"https:\/\/www.este.com.py\/\",\"url\":\"https:\/\/www.este.com.py\/\",\"name\":\"Home - ESTE\",\"isPartOf\":{\"@id\":\"https:\/\/www.este.com.py\/#website\"},\"datePublished\":\"2018-04-16T12:10:58+00:00\",\"dateModified\":\"2026-02-17T08:53:24+00:00\",\"breadcrumb\":{\"@id\":\"https:\/\/www.este.com.py\/#breadcrumb\"},\"inLanguage\":\"en\",\"potentialAction\":[{\"@type\":\"ReadAction\",\"target\":[\"https:\/\/www.este.com.py\/\"]}]},{\"@type\":\"BreadcrumbList\",\"@id\":\"https:\/\/www.este.com.py\/#breadcrumb\",\"itemListElement\":[{\"@type\":\"ListItem\",\"position\":1,\"name\":\"In\u00edcio\",\"item\":\"https:\/\/www.este.com.py\/\"},{\"@type\":\"ListItem\",\"position\":2,\"name\":\"Home\"}]},{\"@type\":\"WebSite\",\"@id\":\"https:\/\/www.este.com.py\/#website\",\"url\":\"https:\/\/www.este.com.py\/\",\"name\":\"ESTE\",\"description\":\"Administraci\u00f3n Consultoria Financiera\",\"publisher\":{\"@id\":\"https:\/\/www.este.com.py\/#organization\"},\"potentialAction\":[{\"@type\":\"SearchAction\",\"target\":{\"@type\":\"EntryPoint\",\"urlTemplate\":\"https:\/\/www.este.com.py\/?s={search_term_string}\"},\"query-input\":\"required name=search_term_string\"}],\"inLanguage\":\"en\"},{\"@type\":\"Organization\",\"@id\":\"https:\/\/www.este.com.py\/#organization\",\"name\":\"ESTE\",\"url\":\"https:\/\/www.este.com.py\/\",\"logo\":{\"@type\":\"ImageObject\",\"inLanguage\":\"en\",\"@id\":\"https:\/\/www.este.com.py\/#\/schema\/logo\/image\/\",\"url\":\"https:\/\/www.este.com.py\/andre\/wp-content\/uploads\/2023\/05\/seo-2.png\",\"contentUrl\":\"https:\/\/www.este.com.py\/andre\/wp-content\/uploads\/2023\/05\/seo-2.png\",\"width\":696,\"height\":696,\"caption\":\"ESTE\"},\"image\":{\"@id\":\"https:\/\/www.este.com.py\/#\/schema\/logo\/image\/\"},\"sameAs\":[\"https:\/\/www.facebook.com\/esteadmpy\",\"https:\/\/www.instagram.com\/esteadmpy\/\"]}]}<\/script>\n<!-- \/ Yoast SEO plugin. -->","yoast_head_json":{"title":"Home - ESTE","robots":{"index":"index","follow":"follow","max-snippet":"max-snippet:-1","max-image-preview":"max-image-preview:large","max-video-preview":"max-video-preview:-1"},"canonical":"https:\/\/www.este.com.py\/","og_locale":"en_US","og_type":"article","og_title":"Home - ESTE","og_description":"A ESTE atua no gerenciamento e otimiza\u00e7\u00e3o dos ativos e recursos financeiros dos clientes, trabalhando de forma multisetorial e atenta aos cen\u00e1rios de v\u00e1rios pa\u00edses. Com uma equipe de profissionais experientes e especializados, a empresa oferece ampla gama de atividades e servi\u00e7os voltados para maximizar o valor e a rentabilidade dos ativos sob sua responsabilidade. &hellip; Continued","og_url":"https:\/\/www.este.com.py\/","og_site_name":"ESTE","article_publisher":"https:\/\/www.facebook.com\/esteadmpy","article_modified_time":"2026-02-17T08:53:24+00:00","og_image":[{"width":1200,"height":675,"url":"https:\/\/www.este.com.py\/wp-content\/uploads\/2023\/05\/seo-1.png","type":"image\/png"}],"twitter_card":"summary_large_image","twitter_misc":{"Est. reading time":"1 minute"},"schema":{"@context":"https:\/\/schema.org","@graph":[{"@type":"WebPage","@id":"https:\/\/www.este.com.py\/","url":"https:\/\/www.este.com.py\/","name":"Home - ESTE","isPartOf":{"@id":"https:\/\/www.este.com.py\/#website"},"datePublished":"2018-04-16T12:10:58+00:00","dateModified":"2026-02-17T08:53:24+00:00","breadcrumb":{"@id":"https:\/\/www.este.com.py\/#breadcrumb"},"inLanguage":"en","potentialAction":[{"@type":"ReadAction","target":["https:\/\/www.este.com.py\/"]}]},{"@type":"BreadcrumbList","@id":"https:\/\/www.este.com.py\/#breadcrumb","itemListElement":[{"@type":"ListItem","position":1,"name":"In\u00edcio","item":"https:\/\/www.este.com.py\/"},{"@type":"ListItem","position":2,"name":"Home"}]},{"@type":"WebSite","@id":"https:\/\/www.este.com.py\/#website","url":"https:\/\/www.este.com.py\/","name":"ESTE","description":"Administraci\u00f3n Consultoria Financiera","publisher":{"@id":"https:\/\/www.este.com.py\/#organization"},"potentialAction":[{"@type":"SearchAction","target":{"@type":"EntryPoint","urlTemplate":"https:\/\/www.este.com.py\/?s={search_term_string}"},"query-input":"required name=search_term_string"}],"inLanguage":"en"},{"@type":"Organization","@id":"https:\/\/www.este.com.py\/#organization","name":"ESTE","url":"https:\/\/www.este.com.py\/","logo":{"@type":"ImageObject","inLanguage":"en","@id":"https:\/\/www.este.com.py\/#\/schema\/logo\/image\/","url":"https:\/\/www.este.com.py\/andre\/wp-content\/uploads\/2023\/05\/seo-2.png","contentUrl":"https:\/\/www.este.com.py\/andre\/wp-content\/uploads\/2023\/05\/seo-2.png","width":696,"height":696,"caption":"ESTE"},"image":{"@id":"https:\/\/www.este.com.py\/#\/schema\/logo\/image\/"},"sameAs":["https:\/\/www.facebook.com\/esteadmpy","https:\/\/www.instagram.com\/esteadmpy\/"]}]}},"_links":{"self":[{"href":"https:\/\/www.este.com.py\/en\/wp-json\/wp\/v2\/pages\/20"}],"collection":[{"href":"https:\/\/www.este.com.py\/en\/wp-json\/wp\/v2\/pages"}],"about":[{"href":"https:\/\/www.este.com.py\/en\/wp-json\/wp\/v2\/types\/page"}],"author":[{"embeddable":true,"href":"https:\/\/www.este.com.py\/en\/wp-json\/wp\/v2\/users\/2"}],"replies":[{"embeddable":true,"href":"https:\/\/www.este.com.py\/en\/wp-json\/wp\/v2\/comments?post=20"}],"version-history":[{"count":56,"href":"https:\/\/www.este.com.py\/en\/wp-json\/wp\/v2\/pages\/20\/revisions"}],"predecessor-version":[{"id":1027,"href":"https:\/\/www.este.com.py\/en\/wp-json\/wp\/v2\/pages\/20\/revisions\/1027"}],"wp:attachment":[{"href":"https:\/\/www.este.com.py\/en\/wp-json\/wp\/v2\/media?parent=20"}],"curies":[{"name":"wp","href":"https:\/\/api.w.org\/{rel}","templated":true}]}}